{"id":3758,"date":"2024-11-15T16:00:23","date_gmt":"2024-11-15T15:00:23","guid":{"rendered":"https:\/\/www.mbs-industry.com\/?page_id=3758"},"modified":"2025-12-18T12:33:15","modified_gmt":"2025-12-18T11:33:15","slug":"mentions-legales","status":"publish","type":"page","link":"https:\/\/www.mbs-industry.com\/en\/legal-notice\/","title":{"rendered":"Legal Notice"},"content":{"rendered":"\t\t<div data-elementor-type=\"wp-page\" data-elementor-id=\"3758\" class=\"elementor elementor-3758\" data-elementor-post-type=\"page\">\n\t\t\t\t<div class=\"elementor-element elementor-element-21f3fc59 e-flex e-con-boxed e-con e-parent\" data-id=\"21f3fc59\" data-element_type=\"container\" data-e-type=\"container\">\n\t\t\t\t\t<div class=\"e-con-inner\">\n\t\t<div class=\"elementor-element elementor-element-28938347 e-con-full e-flex e-con e-child\" data-id=\"28938347\" data-element_type=\"container\" data-e-type=\"container\" id=\"top\">\n\t\t\t\t<div class=\"elementor-element elementor-element-68219888 elementor-widget elementor-widget-image\" data-id=\"68219888\" data-element_type=\"widget\" data-e-type=\"widget\" data-widget_type=\"image.default\">\n\t\t\t\t\t\t\t\t\t\t\t\t\t\t\t<img fetchpriority=\"high\" decoding=\"async\" width=\"1000\" height=\"472\" src=\"https:\/\/www.mbs-industry.com\/wp-content\/uploads\/2024\/11\/cropped-52-copie.webp\" class=\"attachment-full size-full wp-image-2714\" alt=\"\" srcset=\"https:\/\/www.mbs-industry.com\/wp-content\/uploads\/2024\/11\/cropped-52-copie.webp 1000w, https:\/\/www.mbs-industry.com\/wp-content\/uploads\/2024\/11\/cropped-52-copie-300x142.webp 300w, https:\/\/www.mbs-industry.com\/wp-content\/uploads\/2024\/11\/cropped-52-copie-768x362.webp 768w, https:\/\/www.mbs-industry.com\/wp-content\/uploads\/2024\/11\/cropped-52-copie-600x283.webp 600w\" sizes=\"(max-width: 1000px) 100vw, 1000px\">\t\t\t\t\t\t\t\t\t\t\t\t\t\t\t<\/div>\n\t\t\t\t<div class=\"elementor-element elementor-element-68c7974c elementor-widget elementor-widget-heading\" data-id=\"68c7974c\" data-element_type=\"widget\" data-e-type=\"widget\" data-widget_type=\"heading.default\">\n\t\t\t\t\t<h3 class=\"elementor-heading-title elementor-size-default\">Site Editing<\/h3>\t\t\t\t<\/div>\n\t\t\t\t<div class=\"elementor-element elementor-element-39aed07 elementor-widget elementor-widget-text-editor\" data-id=\"39aed07\" data-element_type=\"widget\" data-e-type=\"widget\" data-widget_type=\"text-editor.default\">\n\t\t\t\t\t\t\t\t\t<p>MBS Industry<br data-start=\"12\" data-end=\"15\" \/>Legal status: S.A.S.<br data-start=\"35\" data-end=\"38\" \/>SIRET: 98261764900016<br data-start=\"59\" data-end=\"62\" \/>RCS: FR67982617649<br data-start=\"80\" data-end=\"83\" \/>Share capital: \u20ac57,422<br data-start=\"105\" data-end=\"108\" \/>INSEE: registered on 13\/12\/2023<br data-start=\"139\" data-end=\"142\" \/>Head office: 3 Rue Jacques Daguerre &#8211; 68000 Colmar<br data-start=\"192\" data-end=\"195\" \/>Publication manager: Bassa MAWEM<\/p>\t\t\t\t\t\t\t\t<\/div>\n\t\t\t\t<\/div>\n\t\t<div class=\"elementor-element elementor-element-4470ab5f e-con-full e-flex e-con e-child\" data-id=\"4470ab5f\" data-element_type=\"container\" data-e-type=\"container\">\n\t\t\t\t<div class=\"elementor-element elementor-element-8342675 elementor-widget elementor-widget-image\" data-id=\"8342675\" data-element_type=\"widget\" data-e-type=\"widget\" data-widget_type=\"image.default\">\n\t\t\t\t\t\t\t\t\t\t\t\t\t\t\t<img decoding=\"async\" width=\"69\" height=\"48\" src=\"https:\/\/www.mbs-industry.com\/wp-content\/uploads\/2024\/11\/logo9D.svg\" class=\"attachment-full size-full wp-image-3770\" alt=\"\">\t\t\t\t\t\t\t\t\t\t\t\t\t\t\t<\/div>\n\t\t\t\t<div class=\"elementor-element elementor-element-7d592f81 elementor-widget elementor-widget-heading\" data-id=\"7d592f81\" data-element_type=\"widget\" data-e-type=\"widget\" data-widget_type=\"heading.default\">\n\t\t\t\t\t<h3 class=\"elementor-heading-title elementor-size-default\">Creation &amp; Hosting<\/h3>\t\t\t\t<\/div>\n\t\t\t\t<div class=\"elementor-element elementor-element-3853ddd6 elementor-widget elementor-widget-text-editor\" data-id=\"3853ddd6\" data-element_type=\"widget\" data-e-type=\"widget\" data-widget_type=\"text-editor.default\">\n\t\t\t\t\t\t\t\t\t<p>9Design, Heinis Tristan, Micro-entreprise<br \/>Phone Number : 06 32 47 36 26<br \/>Website : www.9design.fr <br \/>Website hosted by OVH SAS<\/p>\t\t\t\t\t\t\t\t<\/div>\n\t\t\t\t<div class=\"elementor-element elementor-element-3791e065 elementor-widget elementor-widget-heading\" data-id=\"3791e065\" data-element_type=\"widget\" data-e-type=\"widget\" data-widget_type=\"heading.default\">\n\t\t\t\t\t<h3 class=\"elementor-heading-title elementor-size-default\">Photo Credit<\/h3>\t\t\t\t<\/div>\n\t\t\t\t<div class=\"elementor-element elementor-element-73109151 elementor-widget elementor-widget-text-editor\" data-id=\"73109151\" data-element_type=\"widget\" data-e-type=\"widget\" data-widget_type=\"text-editor.default\">\n\t\t\t\t\t\t\t\t\t<p>MBS Industry<br data-start=\"12\" data-end=\"15\" \/>Photographer&#8217;s Gallery<br data-start=\"37\" data-end=\"40\" \/>Envato Element<\/p>\t\t\t\t\t\t\t\t<\/div>\n\t\t\t\t<\/div>\n\t\t\t\t\t<\/div>\n\t\t\t\t<\/div>\n\t\t<div class=\"elementor-element elementor-element-73f206d7 e-flex e-con-boxed e-con e-parent\" data-id=\"73f206d7\" data-element_type=\"container\" data-e-type=\"container\">\n\t\t\t\t\t<div class=\"e-con-inner\">\n\t\t<div class=\"elementor-element elementor-element-60ff9cf8 e-con-full e-flex e-con e-child\" data-id=\"60ff9cf8\" data-element_type=\"container\" data-e-type=\"container\">\n\t\t\t\t<div class=\"elementor-element elementor-element-14bc9cbb elementor-widget elementor-widget-heading\" data-id=\"14bc9cbb\" data-element_type=\"widget\" data-e-type=\"widget\" data-widget_type=\"heading.default\">\n\t\t\t\t\t<h3 class=\"elementor-heading-title elementor-size-default\">Terms of Use<\/h3>\t\t\t\t<\/div>\n\t\t\t\t<div class=\"elementor-element elementor-element-2ac1597b elementor-widget elementor-widget-text-editor\" data-id=\"2ac1597b\" data-element_type=\"widget\" data-e-type=\"widget\" data-widget_type=\"text-editor.default\">\n\t\t\t\t\t\t\t\t\t<p data-start=\"0\" data-end=\"320\">The website accessible via the URL <a class=\"\" href=\"http:\/\/www.mbs-industry.com\" target=\"_new\" rel=\"noopener\" data-start=\"35\" data-end=\"55\">www.mbs-industry.com<\/a> is operated in compliance with French legislation. The use of this site is governed by these terms and conditions. By using the site, you acknowledge that you have read and accepted these terms. These may be modified at any time and without notice by MBS Industry.<\/p><p data-start=\"322\" data-end=\"404\" data-is-last-node=\"\" data-is-only-node=\"\">MBS Industry cannot be held responsible in any way for improper use of the service.<\/p>\t\t\t\t\t\t\t\t<\/div>\n\t\t\t\t<div class=\"elementor-element elementor-element-4ee1786e elementor-widget elementor-widget-heading\" data-id=\"4ee1786e\" data-element_type=\"widget\" data-e-type=\"widget\" data-widget_type=\"heading.default\">\n\t\t\t\t\t<h3 class=\"elementor-heading-title elementor-size-default\">Limitation of Liability<\/h3>\t\t\t\t<\/div>\n\t\t\t\t<div class=\"elementor-element elementor-element-59750255 elementor-widget elementor-widget-text-editor\" data-id=\"59750255\" data-element_type=\"widget\" data-e-type=\"widget\" data-widget_type=\"text-editor.default\">\n\t\t\t\t\t\t\t\t\t<p data-start=\"0\" data-end=\"371\">The information on this site is as accurate as possible. The site is periodically updated but may still contain inaccuracies, omissions, or gaps. If you notice any deficiencies, errors, or what seems to be a malfunction, please report it by email, describing the issue as clearly as possible (problematic page, triggering action, type of computer and browser used, etc.).<\/p><p data-start=\"373\" data-end=\"573\" data-is-last-node=\"\" data-is-only-node=\"\">Any content downloaded is at the user&#8217;s own risk and responsibility. As a result, MBS Industry cannot be held liable for any damage to the user&#8217;s computer or any data loss resulting from the download.<\/p>\t\t\t\t\t\t\t\t<\/div>\n\t\t\t\t<div class=\"elementor-element elementor-element-74e5199d elementor-widget elementor-widget-heading\" data-id=\"74e5199d\" data-element_type=\"widget\" data-e-type=\"widget\" data-widget_type=\"heading.default\">\n\t\t\t\t\t<h3 class=\"elementor-heading-title elementor-size-default\">Non-contractual photos<\/h3>\t\t\t\t<\/div>\n\t\t\t\t<div class=\"elementor-element elementor-element-3448b9ed elementor-widget elementor-widget-text-editor\" data-id=\"3448b9ed\" data-element_type=\"widget\" data-e-type=\"widget\" data-widget_type=\"text-editor.default\">\n\t\t\t\t\t\t\t\t\t<p>The hypertext links established on this website to other resources on the Internet cannot hold MBS Industry liable.<\/p>\t\t\t\t\t\t\t\t<\/div>\n\t\t\t\t<div class=\"elementor-element elementor-element-585ac744 elementor-widget elementor-widget-heading\" data-id=\"585ac744\" data-element_type=\"widget\" data-e-type=\"widget\" data-widget_type=\"heading.default\">\n\t\t\t\t\t<h3 class=\"elementor-heading-title elementor-size-default\">Dispute<\/h3>\t\t\t\t<\/div>\n\t\t\t\t<div class=\"elementor-element elementor-element-56959aaf elementor-widget elementor-widget-text-editor\" data-id=\"56959aaf\" data-element_type=\"widget\" data-e-type=\"widget\" data-widget_type=\"text-editor.default\">\n\t\t\t\t\t\t\t\t\t<p>These terms are governed by French law, and any disputes or claims arising from the interpretation or execution of these terms will be exclusively under the jurisdiction of the courts where the MBS Industry headquarters is located. The reference language for the resolution of any disputes is French.<\/p>\t\t\t\t\t\t\t\t<\/div>\n\t\t\t\t<div class=\"elementor-element elementor-element-63d03a0d elementor-widget elementor-widget-heading\" data-id=\"63d03a0d\" data-element_type=\"widget\" data-e-type=\"widget\" data-widget_type=\"heading.default\">\n\t\t\t\t\t<h3 class=\"elementor-heading-title elementor-size-default\">Intellectual Property<\/h3>\t\t\t\t<\/div>\n\t\t\t\t<div class=\"elementor-element elementor-element-71a9115e elementor-widget elementor-widget-text-editor\" data-id=\"71a9115e\" data-element_type=\"widget\" data-e-type=\"widget\" data-widget_type=\"text-editor.default\">\n\t\t\t\t\t\t\t\t\t<p data-start=\"0\" data-end=\"75\">The website <a class=\"\" href=\"http:\/\/www.mbs-industry.com\" target=\"_new\" rel=\"noopener\" data-start=\"12\" data-end=\"32\">www.mbs-industry.com<\/a> is the exclusive property of MBS Industry.<\/p><p data-start=\"77\" data-end=\"365\">All content on this site, including but not limited to graphics, images, text, videos, animations, sounds, logos, gifs, and icons, as well as their layout, is the exclusive property of MBS Industry, except for trademarks, logos, or content belonging to other partner companies or authors.<\/p><p data-start=\"367\" data-end=\"921\">Any reproduction, distribution, modification, adaptation, retransmission, or publication, even partial, of these elements is strictly prohibited without the express written consent of MBS Industry. Any representation or reproduction, by any means, constitutes infringement under Articles L.3335-2 and following of the Intellectual Property Code. Non-compliance with this prohibition constitutes infringement that could engage the civil and criminal liability of the infringer. Furthermore, the owners of the copied content may file a lawsuit against you.<\/p><p data-start=\"923\" data-end=\"1112\">MBS Industry also holds the &#8220;database producer rights&#8221; outlined in Book III, Title IV of the Intellectual Property Code (Law No. 98-536 of July 1, 1998) relating to copyright and databases.<\/p><p data-start=\"1114\" data-end=\"1493\">Users and visitors of the website may set up a hyperlink to this site, but only to the homepage, accessible at the following URL: <a class=\"\" href=\"http:\/\/www.mbs-industry.com\" target=\"_new\" rel=\"noopener\" data-start=\"1244\" data-end=\"1264\">www.mbs-industry.com<\/a>, provided that the link opens in a new window. In particular, a link to a subpage (&#8220;deep linking&#8221;) is prohibited, as is the display of this site within a frame (&#8220;framing&#8221;), unless expressly authorized in advance by MBS Industry.<\/p><p data-start=\"1495\" data-end=\"1640\" data-is-last-node=\"\" data-is-only-node=\"\">For any request for authorization or information, please contact us via email: <a class=\"cursor-pointer\" rel=\"noopener\" data-start=\"1574\" data-end=\"1598\">contact@mbs-industry.com<\/a>. Specific conditions apply for the press.<\/p>\t\t\t\t\t\t\t\t<\/div>\n\t\t\t\t<div class=\"elementor-element elementor-element-5360488a elementor-widget elementor-widget-heading\" data-id=\"5360488a\" data-element_type=\"widget\" data-e-type=\"widget\" data-widget_type=\"heading.default\">\n\t\t\t\t\t<h3 class=\"elementor-heading-title elementor-size-default\">Information and Disclaimer<\/h3>\t\t\t\t<\/div>\n\t\t\t\t<div class=\"elementor-element elementor-element-5cc51dab elementor-widget elementor-widget-text-editor\" data-id=\"5cc51dab\" data-element_type=\"widget\" data-e-type=\"widget\" data-widget_type=\"text-editor.default\">\n\t\t\t\t\t\t\t\t\t<p>MBS Industry makes every effort to ensure reliable information and accurate updates on its websites. However, errors or omissions may occur. The user should therefore verify the accuracy of the information with MBS Industry and report any changes to the site they deem necessary. MBS Industry cannot be held responsible for any use made of this information, or for any direct or indirect damage that may result from it.<\/p>\t\t\t\t\t\t\t\t<\/div>\n\t\t\t\t<div class=\"elementor-element elementor-element-40ea29e5 elementor-widget elementor-widget-heading\" data-id=\"40ea29e5\" data-element_type=\"widget\" data-e-type=\"widget\" data-widget_type=\"heading.default\">\n\t\t\t\t\t<h3 class=\"elementor-heading-title elementor-size-default\">Cookies<\/h3>\t\t\t\t<\/div>\n\t\t\t\t<div class=\"elementor-element elementor-element-65f3c82f elementor-widget elementor-widget-text-editor\" data-id=\"65f3c82f\" data-element_type=\"widget\" data-e-type=\"widget\" data-widget_type=\"text-editor.default\">\n\t\t\t\t\t\t\t\t\t<p>For statistical and display purposes, this site uses cookies. These are small text files stored on your hard drive to record technical data about your browsing. Some parts of this site may not function properly without the acceptance of cookies.<\/p>\t\t\t\t\t\t\t\t<\/div>\n\t\t\t\t<div class=\"elementor-element elementor-element-175eab22 elementor-widget elementor-widget-heading\" data-id=\"175eab22\" data-element_type=\"widget\" data-e-type=\"widget\" data-widget_type=\"heading.default\">\n\t\t\t\t\t<h3 class=\"elementor-heading-title elementor-size-default\">Hyperlink<\/h3>\t\t\t\t<\/div>\n\t\t\t\t<div class=\"elementor-element elementor-element-52e80aa5 elementor-widget elementor-widget-text-editor\" data-id=\"52e80aa5\" data-element_type=\"widget\" data-e-type=\"widget\" data-widget_type=\"text-editor.default\">\n\t\t\t\t\t\t\t\t\t<p data-start=\"0\" data-end=\"106\">MBS Industry websites may provide links to other websites or external resources available on the Internet.<\/p><p data-start=\"108\" data-end=\"653\">MBS Industry has no means of controlling the websites linked to these sites. MBS Industry does not guarantee the availability of such sites and external sources, nor does it assume responsibility for them. It cannot be held liable for any damage, of any kind, arising from the content of these external sites or sources, including the information, products, or services they offer, or any use that may be made of these elements. The risks associated with this use are the full responsibility of the user, who must comply with their terms of use.<\/p><p data-start=\"655\" data-end=\"804\">Users, subscribers, and visitors of MBS Industry websites cannot create hyperlinks to this site without the express prior permission of MBS Industry.<\/p><p data-start=\"806\" data-end=\"1088\" data-is-last-node=\"\" data-is-only-node=\"\">If a user or visitor wishes to create a hyperlink to any of MBS Industry&#8217;s websites, they must send an email, accessible on the site, to request permission to create a hyperlink. MBS Industry reserves the right to accept or refuse a hyperlink without having to justify its decision.<\/p>\t\t\t\t\t\t\t\t<\/div>\n\t\t\t\t<div class=\"elementor-element elementor-element-6531ec55 elementor-widget elementor-widget-heading\" data-id=\"6531ec55\" data-element_type=\"widget\" data-e-type=\"widget\" data-widget_type=\"heading.default\">\n\t\t\t\t\t<h3 class=\"elementor-heading-title elementor-size-default\">Research<\/h3>\t\t\t\t<\/div>\n\t\t\t\t<div class=\"elementor-element elementor-element-53612642 elementor-widget elementor-widget-text-editor\" data-id=\"53612642\" data-element_type=\"widget\" data-e-type=\"widget\" data-widget_type=\"text-editor.default\">\n\t\t\t\t\t\t\t\t\t<p>Furthermore, linking to a website to complete sought-after information does not in any way mean that MBS Industry acknowledges or accepts any responsibility for the content or use of that site.<\/p>\t\t\t\t\t\t\t\t<\/div>\n\t\t\t\t<div class=\"elementor-element elementor-element-21760bc9 elementor-widget elementor-widget-heading\" data-id=\"21760bc9\" data-element_type=\"widget\" data-e-type=\"widget\" data-widget_type=\"heading.default\">\n\t\t\t\t\t<h3 class=\"elementor-heading-title elementor-size-default\">Precautions for Use<\/h3>\t\t\t\t<\/div>\n\t\t\t\t<div class=\"elementor-element elementor-element-15b849ab elementor-widget elementor-widget-text-editor\" data-id=\"15b849ab\" data-element_type=\"widget\" data-e-type=\"widget\" data-widget_type=\"text-editor.default\">\n\t\t\t\t\t\t\t\t\t<p>It is therefore your responsibility to take the necessary precautions to ensure that what you choose to use is not affected by errors or destructive elements such as viruses, trojans, etc.<\/p>\t\t\t\t\t\t\t\t<\/div>\n\t\t\t\t<div class=\"elementor-element elementor-element-67b0ae38 elementor-widget elementor-widget-heading\" data-id=\"67b0ae38\" data-element_type=\"widget\" data-e-type=\"widget\" data-widget_type=\"heading.default\">\n\t\t\t\t\t<h3 class=\"elementor-heading-title elementor-size-default\">Liability<\/h3>\t\t\t\t<\/div>\n\t\t\t\t<div class=\"elementor-element elementor-element-3ed72ba4 elementor-widget elementor-widget-text-editor\" data-id=\"3ed72ba4\" data-element_type=\"widget\" data-e-type=\"widget\" data-widget_type=\"text-editor.default\">\n\t\t\t\t\t\t\t\t\t<p>No other guarantees are provided to the user, who is responsible for clearly stating their needs and for seeking the necessary information. If any information provided by MBS Industry appears to be inaccurate, it will be the user&#8217;s responsibility to independently verify the consistency or plausibility of the results obtained. MBS Industry shall not be held liable to third parties for the user&#8217;s use of the information or its absence, contained in its products, including any of its websites.<\/p>\t\t\t\t\t\t\t\t<\/div>\n\t\t\t\t<\/div>\n\t\t\t\t\t<\/div>\n\t\t\t\t<\/div>\n\t\t\t\t<\/div>\n\t\t","protected":false},"excerpt":{"rendered":"<p>\u00e9dition MBS IndustryStatut juridique : S.A.S.SIRET :\u00a098261764900016RCS : FR67982617649Capital social : 57 422 \u20acINSEE : enregistr\u00e9 le 13\/12\/2023Si\u00e8ge social : 3 Rue Jacques Daguerre &#8211; 68000 ColmarResponsable de publication : Bassa MAWEM Cr\u00e9ation &amp; h\u00e9bergement 9Design, Heinis Tristan, Micro-entrepriseT\u00e9l\u00e9phone : 06 32 47 36 26Site web : www.9design.fr Site h\u00e9berg\u00e9 par OVH SAS Cr\u00e9dit photo [&hellip;]<\/p>\n","protected":false},"author":1,"featured_media":0,"parent":0,"menu_order":0,"comment_status":"closed","ping_status":"closed","template":"","meta":{"inline_featured_image":false,"footnotes":""},"class_list":["post-3758","page","type-page","status-publish","hentry"],"_links":{"self":[{"href":"https:\/\/www.mbs-industry.com\/en\/wp-json\/wp\/v2\/pages\/3758","targetHints":{"allow":["GET"]}}],"collection":[{"href":"https:\/\/www.mbs-industry.com\/en\/wp-json\/wp\/v2\/pages"}],"about":[{"href":"https:\/\/www.mbs-industry.com\/en\/wp-json\/wp\/v2\/types\/page"}],"author":[{"embeddable":true,"href":"https:\/\/www.mbs-industry.com\/en\/wp-json\/wp\/v2\/users\/1"}],"replies":[{"embeddable":true,"href":"https:\/\/www.mbs-industry.com\/en\/wp-json\/wp\/v2\/comments?post=3758"}],"version-history":[{"count":5,"href":"https:\/\/www.mbs-industry.com\/en\/wp-json\/wp\/v2\/pages\/3758\/revisions"}],"predecessor-version":[{"id":9961,"href":"https:\/\/www.mbs-industry.com\/en\/wp-json\/wp\/v2\/pages\/3758\/revisions\/9961"}],"wp:attachment":[{"href":"https:\/\/www.mbs-industry.com\/en\/wp-json\/wp\/v2\/media?parent=3758"}],"curies":[{"name":"wp","href":"https:\/\/api.w.org\/{rel}","templated":true}]}}