{"id":8386,"date":"2025-07-01T07:53:01","date_gmt":"2025-07-01T05:53:01","guid":{"rendered":"https:\/\/www.mbs-industry.com\/?page_id=8386"},"modified":"2026-02-06T16:35:49","modified_gmt":"2026-02-06T15:35:49","slug":"histoire-de-mbs-industry","status":"publish","type":"page","link":"https:\/\/www.mbs-industry.com\/en\/history-of-mbs-industry\/","title":{"rendered":"The History of MBS Industry"},"content":{"rendered":"\t\t<div data-elementor-type=\"wp-page\" data-elementor-id=\"8386\" class=\"elementor elementor-8386\" data-elementor-post-type=\"page\">\n\t\t\t\t<div class=\"elementor-element elementor-element-8f95f02 e-flex e-con-boxed e-con e-parent\" data-id=\"8f95f02\" data-element_type=\"container\" data-e-type=\"container\" data-settings=\"{&quot;background_background&quot;:&quot;classic&quot;}\">\n\t\t\t\t\t<div class=\"e-con-inner\">\n\t\t<div class=\"elementor-element elementor-element-9a58016 e-con-full e-flex e-con e-child\" data-id=\"9a58016\" data-element_type=\"container\" data-e-type=\"container\" data-settings=\"{&quot;background_background&quot;:&quot;gradient&quot;}\">\n\t\t\t\t<div class=\"elementor-element elementor-element-951c4f5 elementor-widget elementor-widget-heading\" data-id=\"951c4f5\" data-element_type=\"widget\" data-e-type=\"widget\" data-widget_type=\"heading.default\">\n\t\t\t\t\t<h2 class=\"elementor-heading-title elementor-size-default\">The story of <span style=\"color: #faa94a\">mbs industry<\/span><\/h2>\t\t\t\t<\/div>\n\t\t\t\t<div class=\"elementor-element elementor-element-a279d95 elementor-widget elementor-widget-text-editor\" data-id=\"a279d95\" data-element_type=\"widget\" data-e-type=\"widget\" data-widget_type=\"text-editor.default\">\n\t\t\t\t\t\t\t\t\t<p data-start=\"233\" data-end=\"381\"><span style=\"color: #faa94a;\">In 2021, at the heart of the Mulhouse sports medicine center, an unexpected meeting sparked the beginning of a remarkable entrepreneurial journey.<\/span><\/p><p data-start=\"383\" data-end=\"743\">Bassa MAWEM, an elite climber, had just returned from the Tokyo Olympic Games, carrying not only memories of competition but also a serious injury \u2014 a ruptured biceps tendon. He was immersed in an intense rehabilitation program. Nearby, S\u00e9bastien KUEHN, an engineer driven by a passion for innovation, was undergoing training to become a climbing instructor.<\/p><p data-start=\"745\" data-end=\"862\">Fate worked out well \u2014 a simple conversation by the coffee machine became the catalyst for something extraordinary.<\/p><p data-start=\"864\" data-end=\"1073\"><em data-start=\"864\" data-end=\"916\">\u201cWe have to make climbing accessible to everyone,\u201d<\/em> Bassa declared with conviction. <em data-start=\"949\" data-end=\"1071\">\u201cI want to see people with disabilities, seniors, and even those who think this sport isn\u2019t for them, be able to climb.\u201d<\/em><\/p><p data-start=\"1075\" data-end=\"1324\">Those words resonated deeply with S\u00e9bastien, whose inventive mind instantly leapt into action. A bold vision was born: to create a machine that could offset body weight and overcome physical limitations, giving everyone the chance to climb freely.<\/p><p data-start=\"1326\" data-end=\"1703\">Meanwhile, in Colmar, Micka\u00ebl MAWEM, Bassa\u2019s brother, was also connecting with S\u00e9bastien at their local climbing gym. Their conversations revolved around working with \u201csports for health\u201d groups, supporting people with various health conditions \u2014 a mission close to Micka\u00ebl\u2019s heart. Together, they dreamed up ways to bring climbing to those who had long been left on the sidelines.<\/p><p data-start=\"1705\" data-end=\"1989\">When the three men joined forces, an ambitious goal emerged: to help a climber with incomplete quadriplegia reach new heights. They developed an ingenious mechanical system of ropes, pulleys, and counterweights \u2014 a crucial breakthrough proving that their dream could become reality.<\/p><p data-start=\"1991\" data-end=\"2246\">From that moment, the challenge was crystal clear: to design an innovative machine capable of compensating for physical limitations through assisted weight support. Imagine the \u201celectric bike of climbing\u201d \u2014 a revolution for the sport was on the horizon.<\/p><p data-start=\"2248\" data-end=\"2471\">And so, <strong data-start=\"2256\" data-end=\"2272\">MBS INDUSTRY<\/strong> was born, driven by an unwavering ambition: to showcase this groundbreaking innovation at the Paris 2024 Paralympic Games and to push the boundaries of inclusion in the world of climbing and beyond.<\/p>\t\t\t\t\t\t\t\t<\/div>\n\t\t\t\t<\/div>\n\t\t\t\t\t<\/div>\n\t\t\t\t<\/div>\n\t\t\t\t<\/div>\n\t\t","protected":false},"excerpt":{"rendered":"<p>L&#8217;HISTOIRE DE MBS INDUSTRY En 2021, au c\u0153ur du centre m\u00e9dico-sportif de Mulhouse, une rencontre inattendue allait marquer le d\u00e9but d\u2019une aventure entrepreneuriale unique. \u00a0 Bassa MAWEM, athl\u00e8te de haut niveau fra\u00eechement revenu des Jeux Olympiques de Tokyo avec une blessure s\u00e9rieuse \u2014 une rupture du tendon du biceps \u2014, entamait une r\u00e9\u00e9ducation intensive. \u00c0 [&hellip;]<\/p>\n","protected":false},"author":1,"featured_media":0,"parent":0,"menu_order":1,"comment_status":"closed","ping_status":"closed","template":"","meta":{"inline_featured_image":false,"footnotes":""},"class_list":["post-8386","page","type-page","status-publish","hentry"],"_links":{"self":[{"href":"https:\/\/www.mbs-industry.com\/en\/wp-json\/wp\/v2\/pages\/8386","targetHints":{"allow":["GET"]}}],"collection":[{"href":"https:\/\/www.mbs-industry.com\/en\/wp-json\/wp\/v2\/pages"}],"about":[{"href":"https:\/\/www.mbs-industry.com\/en\/wp-json\/wp\/v2\/types\/page"}],"author":[{"embeddable":true,"href":"https:\/\/www.mbs-industry.com\/en\/wp-json\/wp\/v2\/users\/1"}],"replies":[{"embeddable":true,"href":"https:\/\/www.mbs-industry.com\/en\/wp-json\/wp\/v2\/comments?post=8386"}],"version-history":[{"count":5,"href":"https:\/\/www.mbs-industry.com\/en\/wp-json\/wp\/v2\/pages\/8386\/revisions"}],"predecessor-version":[{"id":9958,"href":"https:\/\/www.mbs-industry.com\/en\/wp-json\/wp\/v2\/pages\/8386\/revisions\/9958"}],"wp:attachment":[{"href":"https:\/\/www.mbs-industry.com\/en\/wp-json\/wp\/v2\/media?parent=8386"}],"curies":[{"name":"wp","href":"https:\/\/api.w.org\/{rel}","templated":true}]}}